{"id":28,"date":"2015-09-23T14:28:45","date_gmt":"2015-09-23T12:28:45","guid":{"rendered":"http:\/\/cms.plus-fahrzeug-logistik.de\/home\/?lang=en"},"modified":"2023-04-28T15:45:43","modified_gmt":"2023-04-28T13:45:43","slug":"home","status":"publish","type":"page","link":"https:\/\/plus-logistik.de\/en\/","title":{"rendered":"Home"},"content":{"rendered":"<p>Wir sind eine europaweit t\u00e4tige Fachspedition f\u00fcr Fahrzeugtransporte mit Hauptsitz in Kiel in der Daimlerstr. 1.<\/p>\n<p>Mit unserem modernen Fuhrpark, dem g\u00fcnstigen Sitz und unseren bundesweit verteilten Lagerpl\u00e4tzen haben wir eine gute Schlagkraft f\u00fcr Grossauftr\u00e4ge ohne dabei unsere Flexibilit\u00e4t f\u00fcr Teil-, Termin- und Einzeltransporte zu verlieren.<\/p>\n<p>Durch unsere Leistungsst\u00e4rke konnten wir auch die Logistiker der DaimlerChrysler- und Volkswagenwerke f\u00fcr uns gewinnen. F\u00fcr diese Werke fahren wir in festen Auftr\u00e4gen mehrere tausend Einheiten im Jahr.<\/p>\n<p>Seit August 2004 entspricht unser Qualit\u00e4tsmanagementsystem den Normen DIN EN ISO 9001:2000 f\u00fcr die Disposition und Durchf\u00fchrung von Fahrzeugtransporten.<\/p>\n<p>Wir sind eine europaweit t\u00e4tige Fachspedition f\u00fcr Fahrzeugtransporte mit Hauptsitz in Kiel in der Daimlerstr. 1.<\/p>\n<p>Mit unserem modernen Fuhrpark, dem g\u00fcnstigen Sitz und unseren bundesweit verteilten Lagerpl\u00e4tzen haben wir eine gute Schlagkraft f\u00fcr Grossauftr\u00e4ge ohne dabei unsere Flexibilit\u00e4t f\u00fcr Teil-, Termin- und Einzeltransporte zu verlieren.<\/p>\n<p>Wir sind eine europaweit t\u00e4tige Fachspedition f\u00fcr Fahrzeugtransporte mit Hauptsitz in Kiel in der Daimlerstr. 1.<\/p>\n<p>Mit unserem modernen Fuhrpark, dem g\u00fcnstigen Sitz und unseren bundesweit verteilten Lagerpl\u00e4tzen haben wir eine gute Schlagkraft f\u00fcr Grossauftr\u00e4ge ohne dabei unsere Flexibilit\u00e4t f\u00fcr Teil-, Termin- und Einzeltransporte zu verlieren.<\/p>\n<p>Durch unsere Leistungsst\u00e4rke konnten wir auch die Logistiker der DaimlerChrysler- und Volkswagenwerke f\u00fcr uns gewinnen. F\u00fcr diese Werke fahren wir in festen Auftr\u00e4gen mehrere tausend Einheiten im Jahr.<\/p>\n<p>Seit August 2004 entspricht unser Qualit\u00e4tsmanagementsystem den Normen DIN EN ISO 9001:2000 f\u00fcr die Disposition und Durchf\u00fchrung von Fahrzeugtransporten.<\/p>\n<p>Wir sind eine europaweit t\u00e4tige Fachspedition f\u00fcr Fahrzeugtransporte mit Hauptsitz in Kiel in der Daimlerstr. 1.<\/p>\n<p>Mit unserem modernen Fuhrpark, dem g\u00fcnstigen Sitz und unseren bundesweit verteilten Lagerpl\u00e4tzen haben wir eine gute Schlagkraft f\u00fcr Grossauftr\u00e4ge ohne dabei unsere Flexibilit\u00e4t f\u00fcr Teil-, Termin- und Einzeltransporte zu verlieren.<\/p>\n<p>Durch unsere Leistungsst\u00e4rke konnten wir auch die Logistiker der DaimlerChrysler- und Volkswagenwerke f\u00fcr uns gewinnen. F\u00fcr diese Werke fahren wir in festen Auftr\u00e4gen mehrere tausend Einheiten im Jahr.<\/p>\n<p>Seit August 2004 entspricht unser Qualit\u00e4tsmanagementsystem den Normen DIN EN ISO 9001:2000 f\u00fcr die Disposition und Durchf\u00fchrung von Fahrzeugtransporten.<\/p>\n<p>Wir sind eine europaweit t\u00e4tige Fachspedition f\u00fcr Fahrzeugtransporte mit Hauptsitz in Kiel in der Daimlerstr. 1.<\/p>\n<p>Mit unserem modernen Fuhrpark, dem g\u00fcnstigen Sitz und unseren bundesweit verteilten Lagerpl\u00e4tzen haben wir eine gute Schlagkraft f\u00fcr Grossauftr\u00e4ge ohne dabei unsere Flexibilit\u00e4t f\u00fcr Teil-, Termin- und Einzeltransporte zu verlieren.<\/p>\n<p>Durch unsere Leistungsst\u00e4rke konnten wir auch die Logistiker der DaimlerChrysler- und Volkswagenwerke f\u00fcr uns gewinnen. F\u00fcr diese Werke fahren wir in festen Auftr\u00e4gen mehrere tausend Einheiten im Jahr.<\/p>\n<p>Seit August 2004 entspricht unser Qualit\u00e4tsmanagementsystem den Normen DIN EN ISO 9001:2000 f\u00fcr die Disposition und Durchf\u00fchrung von Fahrzeugtransporten.<\/p>\n<p>Durch unsere Leistungsst\u00e4rke konnten wir auch die Logistiker der DaimlerChrysler- und Volkswagenwerke f\u00fcr uns gewinnen. F\u00fcr diese Werke fahren wir in festen Auftr\u00e4gen mehrere tausend Einheiten im Jahr.<\/p>\n<p>Seit August 2004 entspricht unser Qualit\u00e4tsmanagementsystem den Normen DIN EN ISO 9001:2000 f\u00fcr die Disposition und Durchf\u00fchrung von Fahrzeugtransporten.<\/p>\n<p>Wir sind eine europaweit t\u00e4tige Fachspedition f\u00fcr Fahrzeugtransporte mit Hauptsitz in Kiel in der Daimlerstr. 1.<\/p>\n<p>Mit unserem modernen Fuhrpark, dem g\u00fcnstigen Sitz und unseren bundesweit verteilten Lagerpl\u00e4tzen haben wir eine gute Schlagkraft f\u00fcr Grossauftr\u00e4ge ohne dabei unsere Flexibilit\u00e4t f\u00fcr Teil-, Termin- und Einzeltransporte zu verlieren.<\/p>\n<p>Durch unsere Leistungsst\u00e4rke konnten wir auch die Logistiker der DaimlerChrysler- und Volkswagenwerke f\u00fcr uns gewinnen. F\u00fcr diese Werke fahren wir in festen Auftr\u00e4gen mehrere tausend Einheiten im Jahr.<\/p>\n<p>Seit August 2004 entspricht unser Qualit\u00e4tsmanagementsystem den Normen DIN EN ISO 9001:2000 f\u00fcr die Disposition und Durchf\u00fchrung von Fahrzeugtransporten.<\/p>\n<p>Wir sind eine europaweit t\u00e4tige Fachspedition f\u00fcr Fahrzeugtransporte mit Hauptsitz in Kiel in der Daimlerstr. 1.<\/p>\n<p>Mit unserem modernen Fuhrpark, dem g\u00fcnstigen Sitz und unseren bundesweit verteilten Lagerpl\u00e4tzen haben wir eine gute Schlagkraft f\u00fcr Grossauftr\u00e4ge ohne dabei unsere Flexibilit\u00e4t f\u00fcr Teil-, Termin- und Einzeltransporte zu verlieren.<\/p>\n<p>Durch unsere Leistungsst\u00e4rke konnten wir auch die Logistiker der DaimlerChrysler- und Volkswagenwerke f\u00fcr uns gewinnen. F\u00fcr diese Werke fahren wir in festen Auftr\u00e4gen mehrere tausend Einheiten im Jahr.<\/p>\n<p>Seit August 2004 entspricht unser Qualit\u00e4tsmanagementsystem den Normen DIN EN ISO 9001:2000 f\u00fcr die Disposition und Durchf\u00fchrung von Fahrzeugtransporten.<\/p>\n","protected":false},"excerpt":{"rendered":"<p>Wir sind eine europaweit t\u00e4tige Fachspedition f\u00fcr Fahrzeugtransporte mit Hauptsitz in Kiel in der Daimlerstr. 1. Mit unserem modernen Fuhrpark, dem g\u00fcnstigen Sitz und unseren bundesweit verteilten Lagerpl\u00e4tzen haben wir eine gute Schlagkraft f\u00fcr Grossauftr\u00e4ge ohne dabei unsere Flexibilit\u00e4t f\u00fcr Teil-, Termin- und Einzeltransporte zu verlieren. Durch unsere Leistungsst\u00e4rke konnten wir auch die Logistiker der [&hellip;]<\/p>\n","protected":false},"author":1,"featured_media":0,"parent":0,"menu_order":0,"comment_status":"closed","ping_status":"closed","template":"template-startseite.php","meta":{"_acf_changed":false,"inline_featured_image":false,"footnotes":""},"class_list":["post-28","page","type-page","status-publish","hentry"],"acf":[],"yoast_head":"<!-- This site is optimized with the Yoast SEO plugin v26.6 - https:\/\/yoast.com\/wordpress\/plugins\/seo\/ -->\n<title>Home - Plus Fahrzeug Logistik<\/title>\n<meta name=\"robots\" content=\"index, follow, max-snippet:-1, max-image-preview:large, max-video-preview:-1\" \/>\n<link rel=\"canonical\" href=\"https:\/\/plus-logistik.de\/en\/\" \/>\n<meta property=\"og:locale\" content=\"en_US\" \/>\n<meta property=\"og:type\" content=\"article\" \/>\n<meta property=\"og:title\" content=\"Home - Plus Fahrzeug Logistik\" \/>\n<meta property=\"og:description\" content=\"Wir sind eine europaweit t\u00e4tige Fachspedition f\u00fcr Fahrzeugtransporte mit Hauptsitz in Kiel in der Daimlerstr. 1. Mit unserem modernen Fuhrpark, dem g\u00fcnstigen Sitz und unseren bundesweit verteilten Lagerpl\u00e4tzen haben wir eine gute Schlagkraft f\u00fcr Grossauftr\u00e4ge ohne dabei unsere Flexibilit\u00e4t f\u00fcr Teil-, Termin- und Einzeltransporte zu verlieren. Durch unsere Leistungsst\u00e4rke konnten wir auch die Logistiker der [&hellip;]\" \/>\n<meta property=\"og:url\" content=\"https:\/\/plus-logistik.de\/en\/\" \/>\n<meta property=\"og:site_name\" content=\"Plus Fahrzeug Logistik\" \/>\n<meta property=\"article:modified_time\" content=\"2023-04-28T13:45:43+00:00\" \/>\n<meta name=\"twitter:card\" content=\"summary_large_image\" \/>\n<meta name=\"twitter:label1\" content=\"Est. reading time\" \/>\n\t<meta name=\"twitter:data1\" content=\"4 minutes\" \/>\n<script type=\"application\/ld+json\" class=\"yoast-schema-graph\">{\"@context\":\"https:\/\/schema.org\",\"@graph\":[{\"@type\":\"WebPage\",\"@id\":\"https:\/\/plus-logistik.de\/en\/\",\"url\":\"https:\/\/plus-logistik.de\/en\/\",\"name\":\"Home - Plus Fahrzeug Logistik\",\"isPartOf\":{\"@id\":\"https:\/\/plus-logistik.de\/#website\"},\"datePublished\":\"2015-09-23T12:28:45+00:00\",\"dateModified\":\"2023-04-28T13:45:43+00:00\",\"breadcrumb\":{\"@id\":\"https:\/\/plus-logistik.de\/en\/#breadcrumb\"},\"inLanguage\":\"en-US\",\"potentialAction\":[{\"@type\":\"ReadAction\",\"target\":[\"https:\/\/plus-logistik.de\/en\/\"]}]},{\"@type\":\"BreadcrumbList\",\"@id\":\"https:\/\/plus-logistik.de\/en\/#breadcrumb\",\"itemListElement\":[{\"@type\":\"ListItem\",\"position\":1,\"name\":\"Home\",\"item\":\"https:\/\/plus-logistik.de\/en\/\"},{\"@type\":\"ListItem\",\"position\":2,\"name\":\"Home\"}]},{\"@type\":\"WebSite\",\"@id\":\"https:\/\/plus-logistik.de\/#website\",\"url\":\"https:\/\/plus-logistik.de\/\",\"name\":\"Plus Fahrzeug Logistik\",\"description\":\"\",\"potentialAction\":[{\"@type\":\"SearchAction\",\"target\":{\"@type\":\"EntryPoint\",\"urlTemplate\":\"https:\/\/plus-logistik.de\/?s={search_term_string}\"},\"query-input\":{\"@type\":\"PropertyValueSpecification\",\"valueRequired\":true,\"valueName\":\"search_term_string\"}}],\"inLanguage\":\"en-US\"}]}<\/script>\n<!-- \/ Yoast SEO plugin. -->","yoast_head_json":{"title":"Home - Plus Fahrzeug Logistik","robots":{"index":"index","follow":"follow","max-snippet":"max-snippet:-1","max-image-preview":"max-image-preview:large","max-video-preview":"max-video-preview:-1"},"canonical":"https:\/\/plus-logistik.de\/en\/","og_locale":"en_US","og_type":"article","og_title":"Home - Plus Fahrzeug Logistik","og_description":"Wir sind eine europaweit t\u00e4tige Fachspedition f\u00fcr Fahrzeugtransporte mit Hauptsitz in Kiel in der Daimlerstr. 1. Mit unserem modernen Fuhrpark, dem g\u00fcnstigen Sitz und unseren bundesweit verteilten Lagerpl\u00e4tzen haben wir eine gute Schlagkraft f\u00fcr Grossauftr\u00e4ge ohne dabei unsere Flexibilit\u00e4t f\u00fcr Teil-, Termin- und Einzeltransporte zu verlieren. Durch unsere Leistungsst\u00e4rke konnten wir auch die Logistiker der [&hellip;]","og_url":"https:\/\/plus-logistik.de\/en\/","og_site_name":"Plus Fahrzeug Logistik","article_modified_time":"2023-04-28T13:45:43+00:00","twitter_card":"summary_large_image","twitter_misc":{"Est. reading time":"4 minutes"},"schema":{"@context":"https:\/\/schema.org","@graph":[{"@type":"WebPage","@id":"https:\/\/plus-logistik.de\/en\/","url":"https:\/\/plus-logistik.de\/en\/","name":"Home - Plus Fahrzeug Logistik","isPartOf":{"@id":"https:\/\/plus-logistik.de\/#website"},"datePublished":"2015-09-23T12:28:45+00:00","dateModified":"2023-04-28T13:45:43+00:00","breadcrumb":{"@id":"https:\/\/plus-logistik.de\/en\/#breadcrumb"},"inLanguage":"en-US","potentialAction":[{"@type":"ReadAction","target":["https:\/\/plus-logistik.de\/en\/"]}]},{"@type":"BreadcrumbList","@id":"https:\/\/plus-logistik.de\/en\/#breadcrumb","itemListElement":[{"@type":"ListItem","position":1,"name":"Home","item":"https:\/\/plus-logistik.de\/en\/"},{"@type":"ListItem","position":2,"name":"Home"}]},{"@type":"WebSite","@id":"https:\/\/plus-logistik.de\/#website","url":"https:\/\/plus-logistik.de\/","name":"Plus Fahrzeug Logistik","description":"","potentialAction":[{"@type":"SearchAction","target":{"@type":"EntryPoint","urlTemplate":"https:\/\/plus-logistik.de\/?s={search_term_string}"},"query-input":{"@type":"PropertyValueSpecification","valueRequired":true,"valueName":"search_term_string"}}],"inLanguage":"en-US"}]}},"_links":{"self":[{"href":"https:\/\/plus-logistik.de\/en\/wp-json\/wp\/v2\/pages\/28","targetHints":{"allow":["GET"]}}],"collection":[{"href":"https:\/\/plus-logistik.de\/en\/wp-json\/wp\/v2\/pages"}],"about":[{"href":"https:\/\/plus-logistik.de\/en\/wp-json\/wp\/v2\/types\/page"}],"author":[{"embeddable":true,"href":"https:\/\/plus-logistik.de\/en\/wp-json\/wp\/v2\/users\/1"}],"replies":[{"embeddable":true,"href":"https:\/\/plus-logistik.de\/en\/wp-json\/wp\/v2\/comments?post=28"}],"version-history":[{"count":11,"href":"https:\/\/plus-logistik.de\/en\/wp-json\/wp\/v2\/pages\/28\/revisions"}],"predecessor-version":[{"id":1025,"href":"https:\/\/plus-logistik.de\/en\/wp-json\/wp\/v2\/pages\/28\/revisions\/1025"}],"wp:attachment":[{"href":"https:\/\/plus-logistik.de\/en\/wp-json\/wp\/v2\/media?parent=28"}],"curies":[{"name":"wp","href":"https:\/\/api.w.org\/{rel}","templated":true}]}}