{"id":388,"date":"2015-10-23T12:57:52","date_gmt":"2015-10-23T10:57:52","guid":{"rendered":"http:\/\/cms.plus-fahrzeug-logistik.de\/en\/ueber-uns\/"},"modified":"2024-03-12T14:03:40","modified_gmt":"2024-03-12T13:03:40","slug":"about-us","status":"publish","type":"page","link":"https:\/\/plus-logistik.de\/en\/about-us\/","title":{"rendered":"About us"},"content":{"rendered":"<p>Wir sind eine europaweit t\u00e4tige Fachspedition f\u00fcr Fahrzeugtransporte mit Hauptsitz in Kiel in der Daimlerstr. 1.<\/p>\n<p>Mit unserem modernen Fuhrpark, dem g\u00fcnstigen Sitz und unseren bundesweit verteilten Lagerpl\u00e4tzen haben wir eine gute Schlagkraft f\u00fcr Grossauftr\u00e4ge ohne dabei unsere Flexibilit\u00e4t f\u00fcr Teil-, Termin- und Einzeltransporte zu verlieren.<\/p>\n<p>Durch unsere Leistungsst\u00e4rke konnten wir auch die Logistiker der DaimlerChrysler- und Volkswagenwerke f\u00fcr uns gewinnen. F\u00fcr diese Werke fahren wir in festen Auftr\u00e4gen mehrere tausend Einheiten im Jahr.<\/p>\n<p>Seit August 2004 entspricht unser Qualit\u00e4tsmanagementsystem den Normen DIN EN ISO 9001:2000 f\u00fcr die Disposition und Durchf\u00fchrung von Fahrzeugtransporten.<\/p>\n<p>Wir sind eine europaweit t\u00e4tige Fachspedition f\u00fcr Fahrzeugtransporte mit Hauptsitz in Kiel in der Daimlerstr. 1.<\/p>\n<p>Mit unserem modernen Fuhrpark, dem g\u00fcnstigen Sitz und unseren bundesweit verteilten Lagerpl\u00e4tzen haben wir eine gute Schlagkraft f\u00fcr Grossauftr\u00e4ge ohne dabei unsere Flexibilit\u00e4t f\u00fcr Teil-, Termin- und Einzeltransporte zu verlieren.<\/p>\n<p>Durch unsere Leistungsst\u00e4rke konnten wir auch die Logistiker der DaimlerChrysler- und Volkswagenwerke f\u00fcr uns gewinnen. F\u00fcr diese Werke fahren wir in festen Auftr\u00e4gen mehrere tausend Einheiten im Jahr.<\/p>\n<p>Seit August 2004 entspricht unser Qualit\u00e4tsmanagementsystem den Normen DIN EN ISO 9001:2000 f\u00fcr die Disposition und Durchf\u00fchrung von Fahrzeugtransporten.<\/p>\n<p>Wir sind eine europaweit t\u00e4tige Fachspedition f\u00fcr Fahrzeugtransporte mit Hauptsitz in Kiel in der Daimlerstr. 1.<\/p>\n<p>Mit unserem modernen Fuhrpark, dem g\u00fcnstigen Sitz und unseren bundesweit verteilten Lagerpl\u00e4tzen haben wir eine gute Schlagkraft f\u00fcr Grossauftr\u00e4ge ohne dabei unsere Flexibilit\u00e4t f\u00fcr Teil-, Termin- und Einzeltransporte zu verlieren.<\/p>\n<p>Durch unsere Leistungsst\u00e4rke konnten wir auch die Logistiker der DaimlerChrysler- und Volkswagenwerke f\u00fcr uns gewinnen. F\u00fcr diese Werke fahren wir in festen Auftr\u00e4gen mehrere tausend Einheiten im Jahr.<\/p>\n<p>Seit August 2004 entspricht unser Qualit\u00e4tsmanagementsystem den Normen DIN EN ISO 9001:2000 f\u00fcr die Disposition und Durchf\u00fchrung von Fahrzeugtransporten.<\/p>\n","protected":false},"excerpt":{"rendered":"<p>Wir sind eine europaweit t\u00e4tige Fachspedition f\u00fcr Fahrzeugtransporte mit Hauptsitz in Kiel in der Daimlerstr. 1. Mit unserem modernen Fuhrpark, dem g\u00fcnstigen Sitz und unseren bundesweit verteilten Lagerpl\u00e4tzen haben wir eine gute Schlagkraft f\u00fcr Grossauftr\u00e4ge ohne dabei unsere Flexibilit\u00e4t f\u00fcr Teil-, Termin- und Einzeltransporte zu verlieren. Durch unsere Leistungsst\u00e4rke konnten wir auch die Logistiker der [&hellip;]<\/p>\n","protected":false},"author":1,"featured_media":0,"parent":0,"menu_order":0,"comment_status":"closed","ping_status":"closed","template":"","meta":{"_acf_changed":false,"inline_featured_image":false,"footnotes":""},"class_list":["post-388","page","type-page","status-publish","hentry"],"acf":[],"yoast_head":"<!-- This site is optimized with the Yoast SEO plugin v26.6 - https:\/\/yoast.com\/wordpress\/plugins\/seo\/ -->\n<title>About us<\/title>\n<meta name=\"robots\" content=\"index, follow, max-snippet:-1, max-image-preview:large, max-video-preview:-1\" \/>\n<link rel=\"canonical\" href=\"https:\/\/plus-logistik.de\/en\/about-us\/\" \/>\n<meta property=\"og:locale\" content=\"en_US\" \/>\n<meta property=\"og:type\" content=\"article\" \/>\n<meta property=\"og:title\" content=\"About us\" \/>\n<meta property=\"og:description\" content=\"Wir sind eine europaweit t\u00e4tige Fachspedition f\u00fcr Fahrzeugtransporte mit Hauptsitz in Kiel in der Daimlerstr. 1. Mit unserem modernen Fuhrpark, dem g\u00fcnstigen Sitz und unseren bundesweit verteilten Lagerpl\u00e4tzen haben wir eine gute Schlagkraft f\u00fcr Grossauftr\u00e4ge ohne dabei unsere Flexibilit\u00e4t f\u00fcr Teil-, Termin- und Einzeltransporte zu verlieren. Durch unsere Leistungsst\u00e4rke konnten wir auch die Logistiker der [&hellip;]\" \/>\n<meta property=\"og:url\" content=\"https:\/\/plus-logistik.de\/en\/about-us\/\" \/>\n<meta property=\"og:site_name\" content=\"Plus Fahrzeug Logistik\" \/>\n<meta property=\"article:modified_time\" content=\"2024-03-12T13:03:40+00:00\" \/>\n<meta name=\"twitter:card\" content=\"summary_large_image\" \/>\n<meta name=\"twitter:label1\" content=\"Est. reading time\" \/>\n\t<meta name=\"twitter:data1\" content=\"2 minutes\" \/>\n<script type=\"application\/ld+json\" class=\"yoast-schema-graph\">{\"@context\":\"https:\/\/schema.org\",\"@graph\":[{\"@type\":\"WebPage\",\"@id\":\"https:\/\/plus-logistik.de\/en\/about-us\/\",\"url\":\"https:\/\/plus-logistik.de\/en\/about-us\/\",\"name\":\"About us\",\"isPartOf\":{\"@id\":\"https:\/\/plus-logistik.de\/#website\"},\"datePublished\":\"2015-10-23T10:57:52+00:00\",\"dateModified\":\"2024-03-12T13:03:40+00:00\",\"breadcrumb\":{\"@id\":\"https:\/\/plus-logistik.de\/en\/about-us\/#breadcrumb\"},\"inLanguage\":\"en-US\",\"potentialAction\":[{\"@type\":\"ReadAction\",\"target\":[\"https:\/\/plus-logistik.de\/en\/about-us\/\"]}]},{\"@type\":\"BreadcrumbList\",\"@id\":\"https:\/\/plus-logistik.de\/en\/about-us\/#breadcrumb\",\"itemListElement\":[{\"@type\":\"ListItem\",\"position\":1,\"name\":\"Home\",\"item\":\"https:\/\/plus-logistik.de\/en\/\"},{\"@type\":\"ListItem\",\"position\":2,\"name\":\"About us\"}]},{\"@type\":\"WebSite\",\"@id\":\"https:\/\/plus-logistik.de\/#website\",\"url\":\"https:\/\/plus-logistik.de\/\",\"name\":\"Plus Fahrzeug Logistik\",\"description\":\"\",\"potentialAction\":[{\"@type\":\"SearchAction\",\"target\":{\"@type\":\"EntryPoint\",\"urlTemplate\":\"https:\/\/plus-logistik.de\/?s={search_term_string}\"},\"query-input\":{\"@type\":\"PropertyValueSpecification\",\"valueRequired\":true,\"valueName\":\"search_term_string\"}}],\"inLanguage\":\"en-US\"}]}<\/script>\n<!-- \/ Yoast SEO plugin. -->","yoast_head_json":{"title":"About us","robots":{"index":"index","follow":"follow","max-snippet":"max-snippet:-1","max-image-preview":"max-image-preview:large","max-video-preview":"max-video-preview:-1"},"canonical":"https:\/\/plus-logistik.de\/en\/about-us\/","og_locale":"en_US","og_type":"article","og_title":"About us","og_description":"Wir sind eine europaweit t\u00e4tige Fachspedition f\u00fcr Fahrzeugtransporte mit Hauptsitz in Kiel in der Daimlerstr. 1. Mit unserem modernen Fuhrpark, dem g\u00fcnstigen Sitz und unseren bundesweit verteilten Lagerpl\u00e4tzen haben wir eine gute Schlagkraft f\u00fcr Grossauftr\u00e4ge ohne dabei unsere Flexibilit\u00e4t f\u00fcr Teil-, Termin- und Einzeltransporte zu verlieren. Durch unsere Leistungsst\u00e4rke konnten wir auch die Logistiker der [&hellip;]","og_url":"https:\/\/plus-logistik.de\/en\/about-us\/","og_site_name":"Plus Fahrzeug Logistik","article_modified_time":"2024-03-12T13:03:40+00:00","twitter_card":"summary_large_image","twitter_misc":{"Est. reading time":"2 minutes"},"schema":{"@context":"https:\/\/schema.org","@graph":[{"@type":"WebPage","@id":"https:\/\/plus-logistik.de\/en\/about-us\/","url":"https:\/\/plus-logistik.de\/en\/about-us\/","name":"About us","isPartOf":{"@id":"https:\/\/plus-logistik.de\/#website"},"datePublished":"2015-10-23T10:57:52+00:00","dateModified":"2024-03-12T13:03:40+00:00","breadcrumb":{"@id":"https:\/\/plus-logistik.de\/en\/about-us\/#breadcrumb"},"inLanguage":"en-US","potentialAction":[{"@type":"ReadAction","target":["https:\/\/plus-logistik.de\/en\/about-us\/"]}]},{"@type":"BreadcrumbList","@id":"https:\/\/plus-logistik.de\/en\/about-us\/#breadcrumb","itemListElement":[{"@type":"ListItem","position":1,"name":"Home","item":"https:\/\/plus-logistik.de\/en\/"},{"@type":"ListItem","position":2,"name":"About us"}]},{"@type":"WebSite","@id":"https:\/\/plus-logistik.de\/#website","url":"https:\/\/plus-logistik.de\/","name":"Plus Fahrzeug Logistik","description":"","potentialAction":[{"@type":"SearchAction","target":{"@type":"EntryPoint","urlTemplate":"https:\/\/plus-logistik.de\/?s={search_term_string}"},"query-input":{"@type":"PropertyValueSpecification","valueRequired":true,"valueName":"search_term_string"}}],"inLanguage":"en-US"}]}},"_links":{"self":[{"href":"https:\/\/plus-logistik.de\/en\/wp-json\/wp\/v2\/pages\/388","targetHints":{"allow":["GET"]}}],"collection":[{"href":"https:\/\/plus-logistik.de\/en\/wp-json\/wp\/v2\/pages"}],"about":[{"href":"https:\/\/plus-logistik.de\/en\/wp-json\/wp\/v2\/types\/page"}],"author":[{"embeddable":true,"href":"https:\/\/plus-logistik.de\/en\/wp-json\/wp\/v2\/users\/1"}],"replies":[{"embeddable":true,"href":"https:\/\/plus-logistik.de\/en\/wp-json\/wp\/v2\/comments?post=388"}],"version-history":[{"count":9,"href":"https:\/\/plus-logistik.de\/en\/wp-json\/wp\/v2\/pages\/388\/revisions"}],"predecessor-version":[{"id":1969,"href":"https:\/\/plus-logistik.de\/en\/wp-json\/wp\/v2\/pages\/388\/revisions\/1969"}],"wp:attachment":[{"href":"https:\/\/plus-logistik.de\/en\/wp-json\/wp\/v2\/media?parent=388"}],"curies":[{"name":"wp","href":"https:\/\/api.w.org\/{rel}","templated":true}]}}